{"id":73,"date":"2024-02-10T15:55:28","date_gmt":"2024-02-10T14:55:28","guid":{"rendered":"https:\/\/entreradiologues.fr\/?page_id=73"},"modified":"2024-04-07T14:47:58","modified_gmt":"2024-04-07T12:47:58","slug":"radiologues-remplacants","status":"publish","type":"page","link":"https:\/\/entreradiologues.fr\/index.php\/radiologues-remplacants\/","title":{"rendered":"RADIOLOGUES REMPLA\u00c7ANTS"},"content":{"rendered":"\n\n\t\t\t\t<img loading=\"lazy\" decoding=\"async\" src=\"https:\/\/entreradiologues.fr\/wp-content\/uploads\/2024\/02\/two-male-doctors-looking-x-ray-1536x1024.jpg\" alt=\"two-male-doctors-looking-x-ray\" itemprop=\"image\" height=\"1024\" width=\"1536\" title=\"two-male-doctors-looking-x-ray\" onerror=\"this.style.display='none'\"  \/>\n\t<h3><em><strong>Informations utiles pour les m\u00e9decins rempla\u00e7ants:<\/strong><\/em><\/h3>\n<p>1- Inscription URSSAF (obligatoire):<\/p>\n<p><a href=\"https:\/\/www.medecins-remplacants.urssaf.fr\/accueil\">https:\/\/www.medecins-remplacants.urssaf.fr\/accueil<\/a><\/p>\n<p>2- Inscription CARMF (obligatoire):<\/p>\n<p><a href=\"https:\/\/extranet.carmf.fr\/adherents\/connecter\">https:\/\/extranet.carmf.fr\/adherents\/connecter<\/a><\/p>\n<p>3- Inscription \u00e0 une association de comptabilit\u00e9 (presque obligatoire), par exemple:<\/p>\n<p>a.<a href=\"https:\/\/www.aga-france.fr\/adherer\">https:\/\/www.aga-france.fr\/adherer<\/a><\/p>\n<p>b. ou vous choisissez:<\/p>\n<p><a href=\"https:\/\/www.indy.fr\/liste-aga\/\">https:\/\/www.indy.fr\/liste-aga\/<\/a><\/p>\n\t<h3><em>Offres de remplacement :<\/em><\/h3>\n<h4><a href=\"https:\/\/www.annonces-medicales.com\">https:\/\/www.annonces-medicales.com<\/a><\/h4>\n\t<h3><em>Le m\u00e9decin pay\u00e9 \u00e0 la capitation :<\/em><\/h3>\n<p>Le m\u00e9decin pay\u00e9 \u00e0 la capitation doit prendre en charge ses patients pendant une dur\u00e9e donn\u00e9e dans le cadre d&#8217;un niveau de recettes par patient pr\u00e9d\u00e9termin\u00e9. Il est donc incit\u00e9 \u00e0 rechercher les modalit\u00e9s optimales pour organiser cette prise en charge en visant \u00e0 trouver le meilleur \u00e9quilibre entre qualit\u00e9 de soins, niveau de revenu (recettes moins charges), temps de travail.<\/p>\n<p>Pour en savoir plus cliquez ici : <a href=\"https:\/\/www.cairn.info\/revue-les-tribunes-de-la-sante1-2017-4-page-71.htm\">https:\/\/www.cairn.info\/revue-les-tribunes-de-la-sante1-2017-4-page-71.htm<\/a><\/p>\n\n","protected":false},"excerpt":{"rendered":"<p>Informations utiles pour les m\u00e9decins rempla\u00e7ants: 1- Inscription URSSAF (obligatoire): https:\/\/www.medecins-remplacants.urssaf.fr\/accueil 2- Inscription CARMF (obligatoire): https:\/\/extranet.carmf.fr\/adherents\/connecter 3- Inscription \u00e0 une [&hellip;]<\/p>\n","protected":false},"author":1,"featured_media":0,"parent":0,"menu_order":0,"comment_status":"closed","ping_status":"closed","template":"","meta":{"site-sidebar-layout":"default","site-content-layout":"","ast-site-content-layout":"","site-content-style":"default","site-sidebar-style":"default","ast-global-header-display":"","ast-banner-title-visibility":"","ast-main-header-display":"","ast-hfb-above-header-display":"","ast-hfb-below-header-display":"","ast-hfb-mobile-header-display":"","site-post-title":"disabled","ast-breadcrumbs-content":"","ast-featured-img":"","footer-sml-layout":"","theme-transparent-header-meta":"","adv-header-id-meta":"","stick-header-meta":"","header-above-stick-meta":"","header-main-stick-meta":"","header-below-stick-meta":"","astra-migrate-meta-layouts":"default","ast-page-background-enabled":"default","ast-page-background-meta":{"desktop":{"background-color":"var(--ast-global-color-4)","background-image":"","background-repeat":"repeat","background-position":"center center","background-size":"auto","background-attachment":"scroll","background-type":"","background-media":"","overlay-type":"","overlay-color":"","overlay-opacity":"","overlay-gradient":""},"tablet":{"background-color":"","background-image":"","background-repeat":"repeat","background-position":"center center","background-size":"auto","background-attachment":"scroll","background-type":"","background-media":"","overlay-type":"","overlay-color":"","overlay-opacity":"","overlay-gradient":""},"mobile":{"background-color":"","background-image":"","background-repeat":"repeat","background-position":"center center","background-size":"auto","background-attachment":"scroll","background-type":"","background-media":"","overlay-type":"","overlay-color":"","overlay-opacity":"","overlay-gradient":""}},"ast-content-background-meta":{"desktop":{"background-color":"var(--ast-global-color-5)","background-image":"","background-repeat":"repeat","background-position":"center center","background-size":"auto","background-attachment":"scroll","background-type":"","background-media":"","overlay-type":"","overlay-color":"","overlay-opacity":"","overlay-gradient":""},"tablet":{"background-color":"var(--ast-global-color-5)","background-image":"","background-repeat":"repeat","background-position":"center center","background-size":"auto","background-attachment":"scroll","background-type":"","background-media":"","overlay-type":"","overlay-color":"","overlay-opacity":"","overlay-gradient":""},"mobile":{"background-color":"var(--ast-global-color-5)","background-image":"","background-repeat":"repeat","background-position":"center center","background-size":"auto","background-attachment":"scroll","background-type":"","background-media":"","overlay-type":"","overlay-color":"","overlay-opacity":"","overlay-gradient":""}},"footnotes":""},"class_list":["post-73","page","type-page","status-publish","hentry"],"_links":{"self":[{"href":"https:\/\/entreradiologues.fr\/index.php\/wp-json\/wp\/v2\/pages\/73","targetHints":{"allow":["GET"]}}],"collection":[{"href":"https:\/\/entreradiologues.fr\/index.php\/wp-json\/wp\/v2\/pages"}],"about":[{"href":"https:\/\/entreradiologues.fr\/index.php\/wp-json\/wp\/v2\/types\/page"}],"author":[{"embeddable":true,"href":"https:\/\/entreradiologues.fr\/index.php\/wp-json\/wp\/v2\/users\/1"}],"replies":[{"embeddable":true,"href":"https:\/\/entreradiologues.fr\/index.php\/wp-json\/wp\/v2\/comments?post=73"}],"version-history":[{"count":17,"href":"https:\/\/entreradiologues.fr\/index.php\/wp-json\/wp\/v2\/pages\/73\/revisions"}],"predecessor-version":[{"id":324,"href":"https:\/\/entreradiologues.fr\/index.php\/wp-json\/wp\/v2\/pages\/73\/revisions\/324"}],"wp:attachment":[{"href":"https:\/\/entreradiologues.fr\/index.php\/wp-json\/wp\/v2\/media?parent=73"}],"curies":[{"name":"wp","href":"https:\/\/api.w.org\/{rel}","templated":true}]}}