{"id":20,"date":"2024-01-08T01:45:36","date_gmt":"2024-01-08T00:45:36","guid":{"rendered":"https:\/\/entreradiologues.fr\/?page_id=20"},"modified":"2025-02-01T15:17:29","modified_gmt":"2025-02-01T14:17:29","slug":"entreradiologues","status":"publish","type":"page","link":"https:\/\/entreradiologues.fr\/","title":{"rendered":"ENTRE RADIOLOGUES"},"content":{"rendered":"\n\n\t\t\t<a href=\"https:\/\/entreradiologues.fr\/index.php\/2024\/04\/07\/offre-de-remplacements\/\" target=\"_blank\" rel=\"noopener\">\n\t\t\t\t\t\tOffre de remplacements et d&#8217;associ\u00e9s \u00e0 la R\u00e9union  et \u00e0 la Martinique, vous pourriez publier votre annonce gratuitement ici, cliquez ici\n\t\t\t\t\t<\/a>\n\t\t\t<a href=\"https:\/\/entreradiologues.fr\/index.php\/2024\/12\/26\/liste-des-hopitaux-offrant-un-poste-liberal-paye-a-lacte-acces-securise-merci-de-nous-envoyer-votre-cv-pour-acceder-a-lespace-securise\/\" target=\"_blank\" rel=\"noopener\">\n\t\t\t\t\t\tNOUVEAU : liste des h\u00f4pitaux qui acceptent de vous offrir un poste pay\u00e9 \u00e0 l&#8217;acte environ 40 000\u20ac par mois. Acc\u00e8s s\u00e9curis\u00e9.\n\t\t\t\t\t<\/a>\n\t\n\t<h2><strong>Notre but<\/strong>\u00a0:<\/h2>\n<h2>C&#8217;est de\u00a0transmettre notre exp\u00e9rience \u00e0 nos consoeurs et nos confr\u00e8res radiologues pour garantir leur ind\u00e9pendance et leur permettant de travailler en toute s\u00e9r\u00e9nit\u00e9.<\/h2>\n\t\t\t<a href=\"https:\/\/entreradiologues.fr\/index.php\/blog\/\" target=\"_blank\" rel=\"noopener\">\n\t\t\t\t\t\tVisiter le Blog\n\t\t\t\t\t<\/a>\n\t\t\t<a href=\"https:\/\/entreradiologues.fr\/index.php\/2024\/03\/03\/comment-travailler-en-teleradiologie-sans-passer-par-une-agence-de-teleradiologie\/\" target=\"_blank\" rel=\"noopener\">\n\t\t\t\t\t\t\tTRAVAILLER EN T\u00c9L\u00c9RADIOLOGIE SANS PASSER PAR UNE AGENCE DE T\u00c9L\u00c9RADIOLOGIE\u00a0? VOIR BLOG\n\t\t\t\t\t<\/a>\n\t\t\t\t<img decoding=\"async\" src=\"https:\/\/entreradiologues.fr\/wp-content\/plugins\/beaver-builder-lite-version\/img\/pixel.png\" alt=\"\" itemprop=\"image\" onerror=\"this.style.display='none'\"  \/>\n\t<h4><strong>QUI SOMMES-NOUS ?<\/strong><\/h4>\n<ul>\n<li data-leveltext=\"\uf0b7\" data-font=\"Symbol\" data-listid=\"1\" data-list-defn-props=\"{&quot;335552541&quot;:1,&quot;335559683&quot;:0,&quot;335559684&quot;:-2,&quot;335559685&quot;:720,&quot;335559991&quot;:360,&quot;469769226&quot;:&quot;Symbol&quot;,&quot;469769242&quot;:[8226],&quot;469777803&quot;:&quot;left&quot;,&quot;469777804&quot;:&quot;\uf0b7&quot;,&quot;469777815&quot;:&quot;hybridMultilevel&quot;}\" aria-setsize=\"-1\" data-aria-posinset=\"1\" data-aria-level=\"1\">\n<h5><strong>Un groupe b\u00e9n\u00e9vole des radiologues rempla\u00e7ants lib\u00e9raux qui avons travaill\u00e9 avec une multitude de cabinets et de groupes (soci\u00e9t\u00e9s) d&#8217;imagerie m\u00e9dicale en France.\u00a0<\/strong><\/h5>\n<\/li>\n<li data-leveltext=\"\uf0b7\" data-font=\"Symbol\" data-listid=\"1\" data-list-defn-props=\"{&quot;335552541&quot;:1,&quot;335559683&quot;:0,&quot;335559684&quot;:-2,&quot;335559685&quot;:720,&quot;335559991&quot;:360,&quot;469769226&quot;:&quot;Symbol&quot;,&quot;469769242&quot;:[8226],&quot;469777803&quot;:&quot;left&quot;,&quot;469777804&quot;:&quot;\uf0b7&quot;,&quot;469777815&quot;:&quot;hybridMultilevel&quot;}\" aria-setsize=\"-1\" data-aria-posinset=\"2\" data-aria-level=\"1\">\n<h5><strong>Nous constituons une \u00e9quipe dynamique anim\u00e9e par des valeurs profondes transmises par ses radiologues fondateurs.\u00a0<\/strong><\/h5>\n<\/li>\n<li><strong>L&#8217;id\u00e9e d&#8217;EN est n\u00e9e lors du travail quotidien avec des radiologues rempla\u00e7ants qui sont partenaires avec des groupes et cabinets en France et qui sont au courant des d\u00e9tails de chaque groupe de radiologie.<\/strong><\/li>\n<\/ul>\n<p>&nbsp;<\/p>\n<ul>\n<li>\n<h4>En france il y a diff\u00e9rents groupes ou mod\u00e8les de groupe:<\/h4>\n<\/li>\n<\/ul>\n<h5>1- Groupe purement constitu\u00e9 de radiologues lib\u00e9raux qui sont group\u00e9s dans un d\u00e9partement et qui ach\u00e8tent les cabinets autour de leurs centres.<\/h5>\n<h5>2- Groupe de radiologues lib\u00e9raux sur tous les d\u00e9partements et qui n&#8217;ach\u00e8tent pas des cabinets comme groupe de VIDI mais ils les aident pour les d\u00e9marches d&#8217;acquisition des machines lourdes.<\/h5>\n<h5>3- Groupe Corail c&#8217;est une association de radiologues et d&#8217;internes pour une Radiologie ind\u00e9pendante et libre.<\/h5>\n<h5>4- Groupe ENTRE RADIOLOGUES, c&#8217;est des radiologues b\u00e9n\u00e9voles pour aider et\u00a0transmettre\u00a0l&#8217;exp\u00e9rience\u00a0aux radiologues.<\/h5>\n<h5>5. Groupe de Radiologues dont certains financent le groupe.<\/h5>\n<h5>6- Groupe de financiers qui sont associ\u00e9s avec des radiologues dans le groupe.<\/h5>\n<h5>7- Groupe de financiers \u00e9trangers (suisse)avec des radiologues locaux.<\/h5>\n<h5>8- Un radiologue (sud de France) avec des financiers qui n&#8217;ach\u00e8tent que de grosse structure.<\/h5>\n\n<h5><strong>&#8211;\u00a0Notre but c&#8217;est de\u00a0transmettre notre exp\u00e9rience \u00e0 nos consoeurs et nos confr\u00e8res radiologues pour garantir leur ind\u00e9pendance et leur permettant de travailler en toute s\u00e9r\u00e9nit\u00e9.<\/strong><\/h5>\n<h5><strong>Ensemble, via nos exp\u00e9riences professionnelles, les retours des partenaires radiologues et des m\u00e9decins retrait\u00e9s\u00a0\u00a0nous pourrons \u00e9changer entre consoeurs\/confr\u00e8res radiologues sur le fonctionnement de ces groupements d&#8217;imagerie m\u00e9dicale. Ceci afin d&#8217;analyser en d\u00e9tail les modalit\u00e9s d&#8217;un \u00e9ventuel partenariat.\u00a0\u00a0<\/strong><\/h5>\n<h5><strong>Cette \u00e9tude bas\u00e9e sur des \u00e9changes\/analyses permettra au radiologue de s&#8217;engager en toute transparence avec un partenaire professionnel qui corresponde \u00e0 ses valeurs notamment en ce qui concerne la prise en charge des patients.\u00a0<\/strong><\/h5>\n<h5><strong>Point fort d&#8217;ER:<\/strong>\u00a0On vous met en relation avec l&#8217;avocat qui a plaid\u00e9 contre chaque groupe.<\/h5>\n\t\t\t<a href=\"https:\/\/entreradiologues.fr\/index.php\/2024\/03\/07\/exemple-des-questions-que-lon-a-recu-des-radiologues-et-auxquelles-on-va-repondre\/\" target=\"_blank\" rel=\"noopener\">\n\t\t\t\t\t\tVoir les questions \u00e0 savoir avant de s&#8217;engager avec des groupes en radiologie\n\t\t\t\t\t<\/a>\n\t\t\t<a href=\"https:\/\/entreradiologues.fr\/index.php\/2024\/04\/16\/reponse-aux-questions-des-radiologues-concernant-les-groupes-reserver-aux-radiologuesveuillez-nous-contacter-sur-contactentreradiologues-fr\/\" target=\"_blank\" rel=\"noopener\">\n\t\t\t\t\t\tVoir r\u00e9ponses aux questions: Attention, 10 astuces \u00e0 mettre dans le contrat pour vous prot\u00e9ger, acc\u00e8s prot\u00e9g\u00e9, cliquez ici.\n\t\t\t\t\t<\/a>\n\t<h3>Historique<strong>\u00a0du regroupement des cabinets:<\/strong><\/h3>\n\n<h4>Au terme de la pand\u00e9mie\/covid 19, le paysage de la radiologie fran\u00e7aise est remodel\u00e9 de par\u00a0:\u00a0<\/h4>\n<h4>-la baisse d\u00e9mographique de notre profession qui s&#8217;accentue d&#8217;ann\u00e9e en ann\u00e9e<\/h4>\n<h4>-le d\u00e9part non renouvel\u00e9 d&#8217;un grand nombre de nos confr\u00e8res\u00a0<\/h4>\n<h4>-les bouleversements technologiques en cours qui modifieront notre pratique.\u00a0<\/h4>\n<h4>Cette situation in\u00e9dite impose \u00e0 de nombreux radiologues issus de cabinets ind\u00e9pendants de se regrouper ( il y a 8 mod\u00e8les de regroupement)pour faire face ensemble aux difficult\u00e9s de la profession, notamment pour r\u00e9pondre au probl\u00e8me de recrutement et p\u00e9renniser la radiologie lib\u00e9rale en la maintenant ind\u00e9pendante. <\/h4>\n<h4>Ce regroupement \u00e9galement permit d&#8217;identifier d&#8217;autres sources de synergies potentielles sp\u00e9cifiques et d&#8217;investir dans une \u00e9quipe de management de haut niveau.\u00a0<\/h4>\n\t\t\t\t<img loading=\"lazy\" decoding=\"async\" src=\"https:\/\/entreradiologues.fr\/wp-content\/uploads\/2024\/01\/Photo-EQUIPE-DE-MAGEMENT-scaled.jpg\" alt=\"Business management meeting and brainstorming concept with people on the round table in top view vector illustration\" itemprop=\"image\" height=\"2560\" width=\"2560\" title=\"Business management meeting\" onerror=\"this.style.display='none'\"  \/>\n\t<h1><strong>Pourquoi ER?\u00a0<\/strong><\/h1>\n<h6>1- Nombreuses exp\u00e9riences professionnelles avec les groupes en radiologie.\u00a0<\/h6>\n<h6>2- Connaissance des contrats et des d\u00e9marches \u00e0 effectuer.\u00a0<\/h6>\n<h6>3- Relations avec des avocats sp\u00e9cialis\u00e9s dans ce\u00a0 type de structure\/regroupement.\u00a0<\/h6>\n\n","protected":false},"excerpt":{"rendered":"<p>Offre de remplacements et d&#8217;associ\u00e9s \u00e0 la R\u00e9union et \u00e0 la Martinique, vous pourriez publier votre annonce gratuitement ici, cliquez [&hellip;]<\/p>\n","protected":false},"author":1,"featured_media":0,"parent":0,"menu_order":0,"comment_status":"closed","ping_status":"closed","template":"","meta":{"site-sidebar-layout":"default","site-content-layout":"","ast-site-content-layout":"","site-content-style":"default","site-sidebar-style":"default","ast-global-header-display":"","ast-banner-title-visibility":"","ast-main-header-display":"","ast-hfb-above-header-display":"","ast-hfb-below-header-display":"","ast-hfb-mobile-header-display":"","site-post-title":"disabled","ast-breadcrumbs-content":"","ast-featured-img":"","footer-sml-layout":"","theme-transparent-header-meta":"","adv-header-id-meta":"","stick-header-meta":"","header-above-stick-meta":"","header-main-stick-meta":"","header-below-stick-meta":"","astra-migrate-meta-layouts":"default","ast-page-background-enabled":"default","ast-page-background-meta":{"desktop":{"background-color":"var(--ast-global-color-4)","background-image":"","background-repeat":"repeat","background-position":"center center","background-size":"auto","background-attachment":"scroll","background-type":"","background-media":"","overlay-type":"","overlay-color":"","overlay-opacity":"","overlay-gradient":""},"tablet":{"background-color":"","background-image":"","background-repeat":"repeat","background-position":"center center","background-size":"auto","background-attachment":"scroll","background-type":"","background-media":"","overlay-type":"","overlay-color":"","overlay-opacity":"","overlay-gradient":""},"mobile":{"background-color":"","background-image":"","background-repeat":"repeat","background-position":"center center","background-size":"auto","background-attachment":"scroll","background-type":"","background-media":"","overlay-type":"","overlay-color":"","overlay-opacity":"","overlay-gradient":""}},"ast-content-background-meta":{"desktop":{"background-color":"var(--ast-global-color-5)","background-image":"","background-repeat":"repeat","background-position":"center center","background-size":"auto","background-attachment":"scroll","background-type":"","background-media":"","overlay-type":"","overlay-color":"","overlay-opacity":"","overlay-gradient":""},"tablet":{"background-color":"var(--ast-global-color-5)","background-image":"","background-repeat":"repeat","background-position":"center center","background-size":"auto","background-attachment":"scroll","background-type":"","background-media":"","overlay-type":"","overlay-color":"","overlay-opacity":"","overlay-gradient":""},"mobile":{"background-color":"var(--ast-global-color-5)","background-image":"","background-repeat":"repeat","background-position":"center center","background-size":"auto","background-attachment":"scroll","background-type":"","background-media":"","overlay-type":"","overlay-color":"","overlay-opacity":"","overlay-gradient":""}},"footnotes":""},"class_list":["post-20","page","type-page","status-publish","hentry"],"_links":{"self":[{"href":"https:\/\/entreradiologues.fr\/index.php\/wp-json\/wp\/v2\/pages\/20","targetHints":{"allow":["GET"]}}],"collection":[{"href":"https:\/\/entreradiologues.fr\/index.php\/wp-json\/wp\/v2\/pages"}],"about":[{"href":"https:\/\/entreradiologues.fr\/index.php\/wp-json\/wp\/v2\/types\/page"}],"author":[{"embeddable":true,"href":"https:\/\/entreradiologues.fr\/index.php\/wp-json\/wp\/v2\/users\/1"}],"replies":[{"embeddable":true,"href":"https:\/\/entreradiologues.fr\/index.php\/wp-json\/wp\/v2\/comments?post=20"}],"version-history":[{"count":149,"href":"https:\/\/entreradiologues.fr\/index.php\/wp-json\/wp\/v2\/pages\/20\/revisions"}],"predecessor-version":[{"id":470,"href":"https:\/\/entreradiologues.fr\/index.php\/wp-json\/wp\/v2\/pages\/20\/revisions\/470"}],"wp:attachment":[{"href":"https:\/\/entreradiologues.fr\/index.php\/wp-json\/wp\/v2\/media?parent=20"}],"curies":[{"name":"wp","href":"https:\/\/api.w.org\/{rel}","templated":true}]}}